{"id":16,"date":"2020-06-20T08:42:42","date_gmt":"2020-06-20T08:42:42","guid":{"rendered":"http:\/\/kanzlei-korkmaz.de\/?page_id=16"},"modified":"2020-09-29T20:26:47","modified_gmt":"2020-09-29T18:26:47","slug":"startseite","status":"publish","type":"page","link":"http:\/\/kanzlei-korkmaz.de\/tr\/","title":{"rendered":"Ana sayfa"},"content":{"rendered":"<div data-elementor-type=\"wp-page\" data-elementor-id=\"16\" class=\"elementor elementor-16\">\n\t\t\t\t\t\t<section class=\"elementor-section elementor-top-section elementor-element elementor-element-cdba15d elementor-section-boxed elementor-section-height-default elementor-section-height-default\" data-id=\"cdba15d\" data-element_type=\"section\" data-e-type=\"section\">\n\t\t\t\t\t\t<div class=\"elementor-container elementor-column-gap-default\">\n\t\t\t\t\t<div class=\"elementor-column elementor-col-100 elementor-top-column elementor-element elementor-element-8fe2674\" data-id=\"8fe2674\" data-element_type=\"column\" data-e-type=\"column\">\n\t\t\t<div class=\"elementor-widget-wrap elementor-element-populated\">\n\t\t\t\t\t\t<div class=\"elementor-element elementor-element-bb5833e elementor-widget elementor-widget-text-editor\" data-id=\"bb5833e\" data-element_type=\"widget\" data-e-type=\"widget\" data-widget_type=\"text-editor.default\">\n\t\t\t\t<div class=\"elementor-widget-container\">\n\t\t\t\t\t\t\t\t\t<table border=\"0\" width=\"561\" cellspacing=\"0\" cellpadding=\"0\"><tbody><tr><td width=\"12\"><img decoding=\"async\" src=\"http:\/\/www.meralkorkmaz.de\/designs\/design24\/color1\/images\/i.gif\" alt=\"\" width=\"12\" height=\"1\" \/><\/td><td><table border=\"0\" width=\"100%\" cellspacing=\"0\" cellpadding=\"0\"><tbody><tr><td width=\"100%\"><div align=\"left\"><p><b><span style=\"font-family: Verdana, Sans-Serif; font-size: large;\">Ho\u015fgeldiniz<\/span><\/b><\/p><p>Hukuki tavsiyeye mi ihtiyac\u0131n\u0131z var yoksa hukuki bir sorununuz mu var?<\/p><p>Hukuki bir ihtilaftan korkman\u0131za veya haklar\u0131n\u0131z\u0131 uygulamak isteyip istemedi\u011finize, trafik kazas\u0131na u\u011fram\u0131\u015f veya neden olmu\u015f olman\u0131za, iddialara kar\u015f\u0131 iddia veya savunma yapman\u0131za veya hukukla ilgili genel sorular\u0131n\u0131z olmas\u0131na bak\u0131lmaks\u0131z\u0131n:<\/p><p>Yetkili ve kararl\u0131 bir avukat olarak yan\u0131n\u0131zday\u0131m.<\/p><\/div><\/td><\/tr><\/tbody><\/table><\/td><\/tr><\/tbody><\/table>\t\t\t\t\t\t\t\t<\/div>\n\t\t\t\t<\/div>\n\t\t\t\t\t<\/div>\n\t\t<\/div>\n\t\t\t\t\t<\/div>\n\t\t<\/section>\n\t\t\t\t<\/div>","protected":false},"excerpt":{"rendered":"<p>Herzlich Willkommen! Sie ben\u00f6tigen rechtliche Beratung oder haben ein rechtliches Problem? Egal, ob Sie einen Rechtsstreit bef\u00fcrchten oder Ihr Recht durchsetzen m\u00f6chten, einen Verkehrsunfall erlitten oder verursacht haben, Anspr\u00fcche geltend machen oder abwehren m\u00f6chten, oder allgemeine Fragen zum Thema Recht haben: Ich stehe Ihnen als kompetente und engagierte Rechtsanw\u00e4ltin zur Seite.<\/p>","protected":false},"author":1,"featured_media":0,"parent":0,"menu_order":0,"comment_status":"closed","ping_status":"closed","template":"","meta":{"footnotes":""},"class_list":["post-16","page","type-page","status-publish","hentry"],"jetpack_sharing_enabled":true,"_links":{"self":[{"href":"http:\/\/kanzlei-korkmaz.de\/tr\/wp-json\/wp\/v2\/pages\/16","targetHints":{"allow":["GET"]}}],"collection":[{"href":"http:\/\/kanzlei-korkmaz.de\/tr\/wp-json\/wp\/v2\/pages"}],"about":[{"href":"http:\/\/kanzlei-korkmaz.de\/tr\/wp-json\/wp\/v2\/types\/page"}],"author":[{"embeddable":true,"href":"http:\/\/kanzlei-korkmaz.de\/tr\/wp-json\/wp\/v2\/users\/1"}],"replies":[{"embeddable":true,"href":"http:\/\/kanzlei-korkmaz.de\/tr\/wp-json\/wp\/v2\/comments?post=16"}],"version-history":[{"count":28,"href":"http:\/\/kanzlei-korkmaz.de\/tr\/wp-json\/wp\/v2\/pages\/16\/revisions"}],"predecessor-version":[{"id":150,"href":"http:\/\/kanzlei-korkmaz.de\/tr\/wp-json\/wp\/v2\/pages\/16\/revisions\/150"}],"wp:attachment":[{"href":"http:\/\/kanzlei-korkmaz.de\/tr\/wp-json\/wp\/v2\/media?parent=16"}],"curies":[{"name":"wp","href":"https:\/\/api.w.org\/{rel}","templated":true}]}}