{"id":22,"date":"2020-06-20T08:46:15","date_gmt":"2020-06-20T08:46:15","guid":{"rendered":"http:\/\/kanzlei-korkmaz.de\/?page_id=22"},"modified":"2026-02-26T16:55:46","modified_gmt":"2026-02-26T14:55:46","slug":"rechtsgebiete","status":"publish","type":"page","link":"http:\/\/kanzlei-korkmaz.de\/tr\/rechtsgebiete\/","title":{"rendered":"Hukuk alanlar\u0131"},"content":{"rendered":"<div data-elementor-type=\"wp-page\" data-elementor-id=\"22\" class=\"elementor elementor-22\">\n\t\t\t\t\t\t<section class=\"elementor-section elementor-top-section elementor-element elementor-element-22ee1b1 elementor-section-boxed elementor-section-height-default elementor-section-height-default\" data-id=\"22ee1b1\" data-element_type=\"section\" data-e-type=\"section\">\n\t\t\t\t\t\t<div class=\"elementor-container elementor-column-gap-default\">\n\t\t\t\t\t<div class=\"elementor-column elementor-col-100 elementor-top-column elementor-element elementor-element-0d0b01a\" data-id=\"0d0b01a\" data-element_type=\"column\" data-e-type=\"column\">\n\t\t\t<div class=\"elementor-widget-wrap elementor-element-populated\">\n\t\t\t\t\t\t<div class=\"elementor-element elementor-element-7881e4d elementor-widget elementor-widget-text-editor\" data-id=\"7881e4d\" data-element_type=\"widget\" data-e-type=\"widget\" data-widget_type=\"text-editor.default\">\n\t\t\t\t<div class=\"elementor-widget-container\">\n\t\t\t\t\t\t\t\t\t<p><b><span style=\"font-size: medium;\">Faaliyet alanlar\u0131<\/span><\/b><\/p><p><span style=\"font-size: small;\">Mesleki ve \u00f6zel ya\u015famdaki hemen hemen t\u00fcm hukuki konular\u0131 kapsayan yetkin ve kapsaml\u0131 hukuki dan\u0131\u015fmanl\u0131k bekleyebilirsiniz. \u00d6zellikle a\u015fa\u011f\u0131daki alanlarda sizi destekliyorum:<\/span><\/p><ul><li style=\"list-style-type: none;\"><ul><li>\u0130\u015f Hukuku<\/li><li>Aile Hukuku<\/li><li>Gayrimenkul ve Kira Hukuku<\/li><li>\u0130dari su\u00e7 hukuku<\/li><li>Ceza Hukuku<\/li><li>Trafik Hukuku<\/li><\/ul><\/li><\/ul>\t\t\t\t\t\t\t\t<\/div>\n\t\t\t\t<\/div>\n\t\t\t\t\t<\/div>\n\t\t<\/div>\n\t\t\t\t\t<\/div>\n\t\t<\/section>\n\t\t\t\t<\/div>","protected":false},"excerpt":{"rendered":"<p>T\u00e4tigkeitsschwerpunkte Es erwartet Sie eine kompetente und umfassende Rechtsberatung, die nahezu alle rechtlichen Fragestellungen des beruflichen und privaten Lebens abdeckt. Insbesondere unterst\u00fctze ich Sie in folgenden Bereichen: Arbeitsrecht Familienrecht Mietrecht Ordnungswidrigkeitenrecht Strafrecht Verkehrsrecht<\/p>","protected":false},"author":1,"featured_media":0,"parent":0,"menu_order":0,"comment_status":"closed","ping_status":"closed","template":"","meta":{"footnotes":""},"class_list":["post-22","page","type-page","status-publish","hentry"],"jetpack_sharing_enabled":true,"_links":{"self":[{"href":"http:\/\/kanzlei-korkmaz.de\/tr\/wp-json\/wp\/v2\/pages\/22","targetHints":{"allow":["GET"]}}],"collection":[{"href":"http:\/\/kanzlei-korkmaz.de\/tr\/wp-json\/wp\/v2\/pages"}],"about":[{"href":"http:\/\/kanzlei-korkmaz.de\/tr\/wp-json\/wp\/v2\/types\/page"}],"author":[{"embeddable":true,"href":"http:\/\/kanzlei-korkmaz.de\/tr\/wp-json\/wp\/v2\/users\/1"}],"replies":[{"embeddable":true,"href":"http:\/\/kanzlei-korkmaz.de\/tr\/wp-json\/wp\/v2\/comments?post=22"}],"version-history":[{"count":12,"href":"http:\/\/kanzlei-korkmaz.de\/tr\/wp-json\/wp\/v2\/pages\/22\/revisions"}],"predecessor-version":[{"id":170,"href":"http:\/\/kanzlei-korkmaz.de\/tr\/wp-json\/wp\/v2\/pages\/22\/revisions\/170"}],"wp:attachment":[{"href":"http:\/\/kanzlei-korkmaz.de\/tr\/wp-json\/wp\/v2\/media?parent=22"}],"curies":[{"name":"wp","href":"https:\/\/api.w.org\/{rel}","templated":true}]}}