{"id":24,"date":"2020-06-20T08:46:15","date_gmt":"2020-06-20T08:46:15","guid":{"rendered":"http:\/\/kanzlei-korkmaz.de\/?page_id=24"},"modified":"2026-02-26T17:00:22","modified_gmt":"2026-02-26T15:00:22","slug":"kontakt","status":"publish","type":"page","link":"http:\/\/kanzlei-korkmaz.de\/tr\/kontakt\/","title":{"rendered":"Ileti\u015fim"},"content":{"rendered":"<div data-elementor-type=\"wp-page\" data-elementor-id=\"24\" class=\"elementor elementor-24\">\n\t\t\t\t\t\t<section class=\"elementor-section elementor-top-section elementor-element elementor-element-c2b1ff7 elementor-section-boxed elementor-section-height-default elementor-section-height-default\" data-id=\"c2b1ff7\" data-element_type=\"section\" data-e-type=\"section\">\n\t\t\t\t\t\t<div class=\"elementor-container elementor-column-gap-default\">\n\t\t\t\t\t<div class=\"elementor-column elementor-col-100 elementor-top-column elementor-element elementor-element-f45c991\" data-id=\"f45c991\" data-element_type=\"column\" data-e-type=\"column\">\n\t\t\t<div class=\"elementor-widget-wrap elementor-element-populated\">\n\t\t\t\t\t\t<div class=\"elementor-element elementor-element-f1bc350 elementor-widget elementor-widget-text-editor\" data-id=\"f1bc350\" data-element_type=\"widget\" data-e-type=\"widget\" data-widget_type=\"text-editor.default\">\n\t\t\t\t<div class=\"elementor-widget-container\">\n\t\t\t\t\t\t\t\t\t<p><span style=\"font-size: small;\">Bana <strong>pazartesiden per\u015fembeye 09:00 - 12:00 ve 14:00 - 17:00 saatleri aras\u0131nda ula\u015fabilirsiniz.<\/strong>Gerekirse mesai saatleri d\u0131\u015f\u0131nda randevu al\u0131nabilir.<\/span><\/p><p><span style=\"font-size: small;\"><strong>Tel.: +49 (0)621 \/ 167\u00a097 340<\/strong><br \/><\/span><span style=\"font-size: small;\">Faks: +49 (0)621 \/ 167 97 341<\/span><\/p><p><strong><span style=\"font-size: small;\">Eposta: <\/span><\/strong><a href=\"mailto:beratung@kanzlei-korkmaz.de\"><span style=\"font-size: small;\"><strong>beratung@kanzlei-korkmaz.de<\/strong><\/span><\/a><\/p><p><span style=\"font-size: small;\">Ofisimi Mannheim \u015fehir merkezinde bulabilirsiniz.<\/span><\/p><p><strong><span style=\"font-size: small;\">Meral Korkmaz<br \/><\/span><span style=\"font-size: small;\">C 2, 20<br \/><\/span><span style=\"font-size: small;\">68159 Mannheim<\/span><\/strong><\/p>\t\t\t\t\t\t\t\t<\/div>\n\t\t\t\t<\/div>\n\t\t\t\t\t<\/div>\n\t\t<\/div>\n\t\t\t\t\t<\/div>\n\t\t<\/section>\n\t\t\t\t<section class=\"elementor-section elementor-top-section elementor-element elementor-element-325e525 elementor-section-boxed elementor-section-height-default elementor-section-height-default\" data-id=\"325e525\" data-element_type=\"section\" data-e-type=\"section\">\n\t\t\t\t\t\t<div class=\"elementor-container elementor-column-gap-default\">\n\t\t\t\t\t<div class=\"elementor-column elementor-col-100 elementor-top-column elementor-element elementor-element-4905553\" data-id=\"4905553\" data-element_type=\"column\" data-e-type=\"column\">\n\t\t\t<div class=\"elementor-widget-wrap elementor-element-populated\">\n\t\t\t\t\t\t<div class=\"elementor-element elementor-element-e375eb7 elementor-widget elementor-widget-google_maps\" data-id=\"e375eb7\" data-element_type=\"widget\" data-e-type=\"widget\" data-widget_type=\"google_maps.default\">\n\t\t\t\t<div class=\"elementor-widget-container\">\n\t\t\t\t\t\t\t<div class=\"elementor-custom-embed\">\n\t\t\t<iframe loading=\"lazy\"\n\t\t\t\t\tsrc=\"https:\/\/maps.google.com\/maps?q=C%202%2C%2020%20%2CMannheim%2CDeutschland&#038;t=m&#038;z=16&#038;output=embed&#038;iwloc=near\"\n\t\t\t\t\ttitle=\"C 2, 20 ,Mannheim,Deutschland\"\n\t\t\t\t\taria-label=\"C 2, 20 ,Mannheim,Deutschland\"\n\t\t\t><\/iframe>\n\t\t<\/div>\n\t\t\t\t\t\t<\/div>\n\t\t\t\t<\/div>\n\t\t\t\t\t<\/div>\n\t\t<\/div>\n\t\t\t\t\t<\/div>\n\t\t<\/section>\n\t\t\t\t<\/div>","protected":false},"excerpt":{"rendered":"<p>Sie erreichen mich von Montag bis Donnerstag von 09:00 Uhr bis 12:00 Uhr und von 14:00 Uhr bis 17:00 Uhr. Bei Bedarf k\u00f6nnen auch Termine au\u00dferhalb der Sprechzeiten vereinbart werden. Tel.: +49 (0)621 \/ 167\u00a097 340Fax:\u00a0+49 (0)621 \/ 167 97 341 E-Mail: beratung@kanzlei-korkmaz.de Meine Kanzlei finden Sie in der Mannheimer Innenstadt. Kanzlei\u00a0Meral KorkmazC 2, 2068159 &hellip; <\/p>\n<p class=\"link-more\"><a href=\"http:\/\/kanzlei-korkmaz.de\/tr\/kontakt\/\" class=\"more-link\">Okumaya devam et<span class=\"screen-reader-text\"> &#8222;Kontakt&#8220;<\/span><\/a><\/p>","protected":false},"author":1,"featured_media":0,"parent":0,"menu_order":0,"comment_status":"closed","ping_status":"closed","template":"","meta":{"footnotes":""},"class_list":["post-24","page","type-page","status-publish","hentry"],"jetpack_sharing_enabled":true,"_links":{"self":[{"href":"http:\/\/kanzlei-korkmaz.de\/tr\/wp-json\/wp\/v2\/pages\/24","targetHints":{"allow":["GET"]}}],"collection":[{"href":"http:\/\/kanzlei-korkmaz.de\/tr\/wp-json\/wp\/v2\/pages"}],"about":[{"href":"http:\/\/kanzlei-korkmaz.de\/tr\/wp-json\/wp\/v2\/types\/page"}],"author":[{"embeddable":true,"href":"http:\/\/kanzlei-korkmaz.de\/tr\/wp-json\/wp\/v2\/users\/1"}],"replies":[{"embeddable":true,"href":"http:\/\/kanzlei-korkmaz.de\/tr\/wp-json\/wp\/v2\/comments?post=24"}],"version-history":[{"count":14,"href":"http:\/\/kanzlei-korkmaz.de\/tr\/wp-json\/wp\/v2\/pages\/24\/revisions"}],"predecessor-version":[{"id":176,"href":"http:\/\/kanzlei-korkmaz.de\/tr\/wp-json\/wp\/v2\/pages\/24\/revisions\/176"}],"wp:attachment":[{"href":"http:\/\/kanzlei-korkmaz.de\/tr\/wp-json\/wp\/v2\/media?parent=24"}],"curies":[{"name":"wp","href":"https:\/\/api.w.org\/{rel}","templated":true}]}}