{"id":25,"date":"2020-06-20T08:46:15","date_gmt":"2020-06-20T08:46:15","guid":{"rendered":"http:\/\/kanzlei-korkmaz.de\/?page_id=25"},"modified":"2026-02-26T17:01:27","modified_gmt":"2026-02-26T15:01:27","slug":"impressum","status":"publish","type":"page","link":"http:\/\/kanzlei-korkmaz.de\/tr\/impressum\/","title":{"rendered":"Yasal bask\u0131"},"content":{"rendered":"<div data-elementor-type=\"wp-page\" data-elementor-id=\"25\" class=\"elementor elementor-25\">\n\t\t\t\t\t\t<section class=\"elementor-section elementor-top-section elementor-element elementor-element-17b24eb elementor-section-boxed elementor-section-height-default elementor-section-height-default\" data-id=\"17b24eb\" data-element_type=\"section\" data-e-type=\"section\">\n\t\t\t\t\t\t<div class=\"elementor-container elementor-column-gap-default\">\n\t\t\t\t\t<div class=\"elementor-column elementor-col-100 elementor-top-column elementor-element elementor-element-6c6ef43\" data-id=\"6c6ef43\" data-element_type=\"column\" data-e-type=\"column\">\n\t\t\t<div class=\"elementor-widget-wrap elementor-element-populated\">\n\t\t\t\t\t\t<div class=\"elementor-element elementor-element-fc05374 elementor-widget elementor-widget-text-editor\" data-id=\"fc05374\" data-element_type=\"widget\" data-e-type=\"widget\" data-widget_type=\"text-editor.default\">\n\t\t\t\t<div class=\"elementor-widget-container\">\n\t\t\t\t\t\t\t\t\t<p><span style=\"font-size: small;\"><strong>Bu web sitesinden sorumlu:<\/strong><\/span><\/p><p><span style=\"font-family: Verdana, Sans-Serif; font-size: small;\">Avukat Meral Korkmaz<br \/><\/span><span style=\"font-family: Verdana, Sans-Serif; font-size: small;\">C 2, 20<br \/><\/span><span style=\"font-family: Verdana, Sans-Serif; font-size: small;\">68159 Mannheim<\/span><\/p><p><span style=\"font-family: Verdana, Sans-Serif; font-size: small;\">Tel.: +49 (0)621 \/ 167 97 340<br \/><\/span><span style=\"font-family: Verdana, Sans-Serif; font-size: small;\">Faks: +49 (0)621 \/ 167 97 341<br \/><\/span><span style=\"font-family: Verdana, Sans-Serif; font-size: small;\">Eposta: <\/span><a href=\"mailto:m.korkmaz@kanzlei-korkmaz.de\"><span style=\"font-family: Verdana, Sans-Serif; font-size: small;\">beratung@kanzlei-korkmaz.de<\/span><\/a><\/p><p><span style=\"font-family: Verdana, Sans-Serif; font-size: small;\">Yetkili Baro:<\/span><\/p><p><span style=\"font-family: Verdana, Sans-Serif; font-size: small;\">Avukat Meral Korkmaz Karlsruhe Barosu \u00fcyesidir. <\/span><\/p><p><span style=\"font-family: Verdana, Sans-Serif; font-size: small;\">Rheinhold-Frank-Stra\u00dfe 72<br \/><\/span><span style=\"font-family: Verdana, Sans-Serif; font-size: small;\">76133 Karlsruhe<\/span><\/p><p><span style=\"font-size: small;\">Tel.: +49 (0)721 \/ 2 53 40<br \/><\/span><span style=\"font-size: small;\">Faks: +49 (0)721 \/ 2 66 27<\/span><\/p><p><span style=\"font-size: small;\">\u0130lgili mesleki d\u00fczenlemeler:<\/span><\/p><p><span style=\"font-family: Verdana, Sans-Serif; font-size: small;\">\"Avukat\" meslek unvan\u0131 Federal Almanya Cumhuriyeti'nde verildi. Avukatlar\u0131n \u00e7al\u0131\u015fmalar\u0131 i\u00e7in Federal Avukatlar Yasas\u0131 (<a href=\"http:\/\/www.berufsordnung.de\/down\/berater\/rechtsanwaelte\/BRAO.pdf\" target=\"_blank\" rel=\"noopener\"><u><span style=\"color: #000000;\">BRAO<\/span><\/u><\/a>), Avukatlar\u0131n \u00dccretlendirme Yasas\u0131 <span style=\"color: #000000;\">(<\/span><a href=\"http:\/\/bundesrecht.juris.de\/bundesrecht\/rvg\/gesamt.pdf\" target=\"_blank\" rel=\"noopener\"><u><span style=\"color: #000000;\">RVG<\/span><\/u><\/a><span style=\"color: #000000;\">) <\/span>ve Avukatlar i\u00e7in Meslek Yasas\u0131 (BORA) ge\u00e7erlidir.<a href=\"http:\/\/www.berufsordnung.de\/down\/berater\/rechtsanwaelte\/BORA.pdf\" target=\"_blank\" rel=\"noopener\"><u><span style=\"color: #000000;\">BORA<\/span><\/u><\/a><span style=\"color: #000000;\">). <\/span><\/span><\/p><p>Bahsedilen mesleki d\u00fczenlemeleri Federal Barolar Birli\u011finin internet sitesinde \"Meslek Hukuku\" ba\u015fl\u0131\u011f\u0131 alt\u0131nda bulabilirsiniz (<a href=\"http:\/\/www.brak.de\" target=\"_blank\" rel=\"noopener\">www.brak.de<\/a>).<\/p>\t\t\t\t\t\t\t\t<\/div>\n\t\t\t\t<\/div>\n\t\t\t\t\t<\/div>\n\t\t<\/div>\n\t\t\t\t\t<\/div>\n\t\t<\/section>\n\t\t\t\t<\/div>","protected":false},"excerpt":{"rendered":"<p>Verantwortlich f\u00fcr diese Website: Rechtsanw\u00e4ltin Meral KorkmazC 2, 2068159 Mannheim Tel.: +49 (0)621 \/ 167 97 340Fax:\u00a0+49 (0)621 \/ 167 97 341E-Mail: beratung@kanzlei-korkmaz.de Zust\u00e4ndige Rechtsanwaltskammer: Rechtsanw\u00e4ltin Meral Korkmaz ist\u00a0Mitglied der Rechtsanwaltskammer Karlsruhe. Rheinhold-Frank-Stra\u00dfe 7276133 Karlsruhe Tel.: +49 (0)721 \/ 2 53 40Fax:\u00a0+49 (0)721 \/ 2 66 27 Ma\u00dfgebliche berufsrechtliche Regelungen: Die Berufsbezeichnung &#8222;Rechtsanwalt&#8220; wurde in &hellip; <\/p>\n<p class=\"link-more\"><a href=\"http:\/\/kanzlei-korkmaz.de\/tr\/impressum\/\" class=\"more-link\">Okumaya devam et<span class=\"screen-reader-text\"> &#8222;Impressum&#8220;<\/span><\/a><\/p>","protected":false},"author":1,"featured_media":0,"parent":0,"menu_order":0,"comment_status":"closed","ping_status":"closed","template":"","meta":{"footnotes":""},"class_list":["post-25","page","type-page","status-publish","hentry"],"jetpack_sharing_enabled":true,"_links":{"self":[{"href":"http:\/\/kanzlei-korkmaz.de\/tr\/wp-json\/wp\/v2\/pages\/25","targetHints":{"allow":["GET"]}}],"collection":[{"href":"http:\/\/kanzlei-korkmaz.de\/tr\/wp-json\/wp\/v2\/pages"}],"about":[{"href":"http:\/\/kanzlei-korkmaz.de\/tr\/wp-json\/wp\/v2\/types\/page"}],"author":[{"embeddable":true,"href":"http:\/\/kanzlei-korkmaz.de\/tr\/wp-json\/wp\/v2\/users\/1"}],"replies":[{"embeddable":true,"href":"http:\/\/kanzlei-korkmaz.de\/tr\/wp-json\/wp\/v2\/comments?post=25"}],"version-history":[{"count":17,"href":"http:\/\/kanzlei-korkmaz.de\/tr\/wp-json\/wp\/v2\/pages\/25\/revisions"}],"predecessor-version":[{"id":179,"href":"http:\/\/kanzlei-korkmaz.de\/tr\/wp-json\/wp\/v2\/pages\/25\/revisions\/179"}],"wp:attachment":[{"href":"http:\/\/kanzlei-korkmaz.de\/tr\/wp-json\/wp\/v2\/media?parent=25"}],"curies":[{"name":"wp","href":"https:\/\/api.w.org\/{rel}","templated":true}]}}