{"id":43,"date":"2020-06-20T08:55:45","date_gmt":"2020-06-20T08:55:45","guid":{"rendered":"http:\/\/kanzlei-korkmaz.de\/?page_id=43"},"modified":"2020-09-29T20:37:13","modified_gmt":"2020-09-29T18:37:13","slug":"ueber-uns","status":"publish","type":"page","link":"http:\/\/kanzlei-korkmaz.de\/tr\/ueber-uns\/","title":{"rendered":"Hakk\u0131mda"},"content":{"rendered":"<div data-elementor-type=\"wp-page\" data-elementor-id=\"43\" class=\"elementor elementor-43\">\n\t\t\t\t\t\t<section class=\"elementor-section elementor-top-section elementor-element elementor-element-a6c25e6 elementor-section-boxed elementor-section-height-default elementor-section-height-default\" data-id=\"a6c25e6\" data-element_type=\"section\" data-e-type=\"section\">\n\t\t\t\t\t\t<div class=\"elementor-container elementor-column-gap-default\">\n\t\t\t\t\t<div class=\"elementor-column elementor-col-100 elementor-top-column elementor-element elementor-element-7b173e8\" data-id=\"7b173e8\" data-element_type=\"column\" data-e-type=\"column\">\n\t\t\t<div class=\"elementor-widget-wrap elementor-element-populated\">\n\t\t\t\t\t\t<div class=\"elementor-element elementor-element-cb9908f elementor-widget elementor-widget-text-editor\" data-id=\"cb9908f\" data-element_type=\"widget\" data-e-type=\"widget\" data-widget_type=\"text-editor.default\">\n\t\t\t\t<div class=\"elementor-widget-container\">\n\t\t\t\t\t\t\t\t\t<table border=\"0\" width=\"561\" cellspacing=\"0\" cellpadding=\"0\"><tbody><tr><td width=\"12\"><img decoding=\"async\" src=\"http:\/\/www.meralkorkmaz.de\/designs\/design24\/color1\/images\/i.gif\" alt=\"\" width=\"12\" height=\"1\" \/><\/td><td><table border=\"0\" width=\"100%\" cellspacing=\"0\" cellpadding=\"0\"><tbody><tr><td width=\"100%\"><div align=\"left\"><p><b><span style=\"font-size: small;\">Avukat Meral Korkmaz<\/span><\/b><\/p><p><span style=\"font-size: small;\">Modern bir dan\u0131\u015fmanl\u0131k ve hizmet sa\u011flay\u0131c\u0131 olarak m\u00fc\u015fterilerimin memnuniyeti benim \u00f6nceli\u011fimdir.\u00a0<\/span><\/p><p><span style=\"font-size: small;\">Ba\u011f\u0131ms\u0131z bir avukat olarak uzun y\u0131llar \u00e7al\u0131\u015fmamdan (Haziran 2004'ten beri) yararlanabilece\u011finiz dikkatli ve yetkin tavsiyeler bekleyebilirsiniz. Tecr\u00fcbe ve bilgi birikimimden yararlan\u0131n ve randevu al\u0131n.<\/span><\/p><\/div><\/td><\/tr><\/tbody><\/table><\/td><\/tr><\/tbody><\/table>\t\t\t\t\t\t\t\t<\/div>\n\t\t\t\t<\/div>\n\t\t\t\t\t<\/div>\n\t\t<\/div>\n\t\t\t\t\t<\/div>\n\t\t<\/section>\n\t\t\t\t<\/div>","protected":false},"excerpt":{"rendered":"<p>Rechtsanw\u00e4ltin Meral Korkmaz Als moderne Beratungs- und Dienstleistungsunternehmerin\u00a0hat f\u00fcr mich\u00a0die Zufriedenheit meiner Mandantschaft oberste Priorit\u00e4t.\u00a0 Es erwartet Sie eine sorgf\u00e4ltige und kompetente Beratung, bei der Sie von meiner langj\u00e4hrigen Tatigkeit als selbstst\u00e4ndige Rechtsanw\u00e4ltin (seit Juni 2004) nur profitieren k\u00f6nnen. Machen Sie sich meinen gesammelten Erfahrungs- und Wissensschatz zu Nutze und vereinbaren Sie noch heute einen &hellip; <\/p>\n<p class=\"link-more\"><a href=\"http:\/\/kanzlei-korkmaz.de\/tr\/ueber-uns\/\" class=\"more-link\">Okumaya devam et<span class=\"screen-reader-text\"> &#8222;\u00dcber mich&#8220;<\/span><\/a><\/p>","protected":false},"author":1,"featured_media":0,"parent":0,"menu_order":0,"comment_status":"closed","ping_status":"closed","template":"","meta":{"footnotes":""},"class_list":["post-43","page","type-page","status-publish","hentry"],"jetpack_sharing_enabled":true,"_links":{"self":[{"href":"http:\/\/kanzlei-korkmaz.de\/tr\/wp-json\/wp\/v2\/pages\/43","targetHints":{"allow":["GET"]}}],"collection":[{"href":"http:\/\/kanzlei-korkmaz.de\/tr\/wp-json\/wp\/v2\/pages"}],"about":[{"href":"http:\/\/kanzlei-korkmaz.de\/tr\/wp-json\/wp\/v2\/types\/page"}],"author":[{"embeddable":true,"href":"http:\/\/kanzlei-korkmaz.de\/tr\/wp-json\/wp\/v2\/users\/1"}],"replies":[{"embeddable":true,"href":"http:\/\/kanzlei-korkmaz.de\/tr\/wp-json\/wp\/v2\/comments?post=43"}],"version-history":[{"count":9,"href":"http:\/\/kanzlei-korkmaz.de\/tr\/wp-json\/wp\/v2\/pages\/43\/revisions"}],"predecessor-version":[{"id":152,"href":"http:\/\/kanzlei-korkmaz.de\/tr\/wp-json\/wp\/v2\/pages\/43\/revisions\/152"}],"wp:attachment":[{"href":"http:\/\/kanzlei-korkmaz.de\/tr\/wp-json\/wp\/v2\/media?parent=43"}],"curies":[{"name":"wp","href":"https:\/\/api.w.org\/{rel}","templated":true}]}}